{"id":483,"date":"2020-05-30T08:43:43","date_gmt":"2020-05-30T08:43:43","guid":{"rendered":"https:\/\/ekaymuhendislik.com\/brands\/mono-electric-switch-socket\/"},"modified":"2025-04-11T08:53:00","modified_gmt":"2025-04-11T08:53:00","slug":"abb-electric-vehicle-charging-units","status":"publish","type":"page","link":"https:\/\/ekaymuhendislik.com\/en\/brands\/abb-electric-vehicle-charging-units\/","title":{"rendered":"Abb Electric Vehicle Charging Units"},"content":{"rendered":"<p>[vc_row gap=&#8221;30&#8243;][vc_column width=&#8221;2\/3&#8243;][vc_single_image image=&#8221;355&#8243; img_size=&#8221;full&#8221;]<div id=\"ultimate-heading-760169e00b939683f\" class=\"uvc-heading ult-adjust-bottom-margin ultimate-heading-760169e00b939683f uvc-60  uvc-heading-default-font-sizes\" data-hspacer=\"no_spacer\"  data-halign=\"left\" style=\"text-align:left\"><div class=\"uvc-heading-spacer no_spacer\" style=\"top\"><\/div><div class=\"uvc-sub-heading ult-responsive\"  data-ultimate-target='.uvc-heading.ultimate-heading-760169e00b939683f .uvc-sub-heading '  data-responsive-json-new='{\"font-size\":\"\",\"line-height\":\"\"}'  style=\"font-weight:normal;\"><\/p>\n<h2><strong>Abb Elektrikli Ara\u00e7 \u015earj \u00dcniteleri<\/strong><\/h2>\n<p>&nbsp;<\/p>\n<h3 class=\"tile-headline\">Elektrikli ta\u015f\u0131t \u015farj altyap\u0131s\u0131<\/h3>\n<p>ABB, herkes taraf\u0131ndan her yerden eri\u015filebilen daha ak\u0131ll\u0131, g\u00fcvenilir ve emisyonsuz bir mobilitenin gelece\u011finin temellerini at\u0131yor. Kompakt, y\u00fcksek kaliteli AC duvar tipi \u015farj \u00fcnitelerinden, dayan\u0131kl\u0131 ba\u011flant\u0131ya sahip g\u00fcvenilir DC h\u0131zl\u0131 \u015farj istasyonlar\u0131ndan, yenilik\u00e7i iste\u011fe ba\u011fl\u0131 elektrikli otob\u00fcs \u015farj sistemlerine, yeni nesil ak\u0131ll\u0131 mobilitenin ihtiya\u00e7lar\u0131n\u0131 kar\u015f\u0131layan altyap\u0131y\u0131 devreye sokarak eksiksiz bir Elektrikli Ara\u00e7 \u015farj \u00e7\u00f6z\u00fcm\u00fc sunuyor.<\/p>\n<h3 class=\"tile-headline\">\u00c7\u00f6z\u00fcmlerimiz<\/h3>\n<p>&nbsp;<\/p>\n<h4 class=\"tile-headline\">Araba \u015earj\u0131<\/h4>\n<h4><em><strong>Y\u00fcksek G\u00fc\u00e7l\u00fc H\u0131zl\u0131 \u015earj<\/strong><\/em><\/h4>\n<p class=\"header3\"><img loading=\"lazy\" decoding=\"async\" class=\"alignnone size-full wp-image-676\" src=\"https:\/\/ekaymuhendislik.com\/wp-content\/uploads\/2022\/01\/abb-terra-hp-charge-post_7inch_single_and_dual_outlet_192x96.gif\" alt=\"\" width=\"192\" height=\"96\" \/><\/p>\n<p>&nbsp;<\/p>\n<p class=\"header3\">Y\u00fcksek G\u00fc\u00e7l\u00fc \u015earj daha da h\u0131zland\u0131. Yeni nesil elektrikli ara\u00e7lar i\u00e7in y\u00fcksek g\u00fc\u00e7.<\/p>\n<p>Daha b\u00fcy\u00fck batarya ve daha uzun menzillere sahip bir\u00e7ok elektrikli ara\u00e7 (EA) modeli geliyor. Altyap\u0131 ihtiya\u00e7lar\u0131 art\u0131yor. Daha y\u00fcksek g\u00fc\u00e7 taleplerine sahip daha h\u0131zl\u0131 \u015farj noktalar\u0131na ihtiya\u00e7 artacak. ABB, gelece\u011fi in\u015fa edecek \u00e7\u00f6z\u00fcmlere bug\u00fcnden sahip.<\/p>\n<p><strong>Ba\u015fl\u0131ca faydalar\u0131<\/strong><\/p>\n<ul>\n<li>Mevcut ve gelecek nesil EA\u2019lar i\u00e7in uygun<\/li>\n<li>920 VDC&#8217;de h\u0131zl\u0131 \u015farj etmek i\u00e7in g\u00fc\u00e7 kabini ba\u015f\u0131na 375 A \u00e7\u0131k\u0131\u015f ak\u0131m\u0131<\/li>\n<li>Maliyetten tasarruf etmek i\u00e7in dinamik DC g\u00fc\u00e7 payla\u015f\u0131m teknolojisi<\/li>\n<li>Entegre galvanik izolasyonlu \u00f6l\u00e7eklenebilir kurulum<\/li>\n<\/ul>\n<p><strong>Ba\u015fl\u0131ca \u00f6zellikleri<\/strong><\/p>\n<ul>\n<li>CCS (500 A s\u0131v\u0131 so\u011futmal\u0131 kablolar) ve CHAdeMO (200 A) deste\u011fi<\/li>\n<li>Mod\u00fcler sistem, 175kw&#8217;tan 350kW&#8217;a varan \u015farj g\u00fc\u00e7leri<\/li>\n<li>\u00c7\u0131k\u0131\u015f \u00fcnitesindeki entegre so\u011futucu montaj kolayl\u0131\u011f\u0131 sa\u011flar ve saha d\u00fczeyinde yedeklilik olu\u015fturur<\/li>\n<\/ul>\n<p>&nbsp;<\/p>\n<h4><em><strong>DC H\u0131zl\u0131 \u015earj<\/strong><\/em><\/h4>\n<p><img loading=\"lazy\" decoding=\"async\" class=\"alignnone size-medium wp-image-674\" src=\"https:\/\/ekaymuhendislik.com\/wp-content\/uploads\/2022\/01\/terra54-300x300.jpg\" alt=\"\" width=\"300\" height=\"300\" srcset=\"https:\/\/ekaymuhendislik.com\/wp-content\/uploads\/2022\/01\/terra54-300x300.jpg 300w, https:\/\/ekaymuhendislik.com\/wp-content\/uploads\/2022\/01\/terra54-150x150.jpg 150w, https:\/\/ekaymuhendislik.com\/wp-content\/uploads\/2022\/01\/terra54.jpg 400w\" sizes=\"auto, (max-width: 300px) 100vw, 300px\" \/><\/p>\n<p>&nbsp;<\/p>\n<p>Terra 54, Avrupa ve Kuzey Amerika&#8217;da en \u00e7ok sat\u0131lan 50 kW DC \u015farj istasyonu Terra 53&#8217;\u00fcn \u00fcst versiyonudur. Artan elektrikli ara\u00e7 (EA) batarya kapasitelerini destekleyen Terra 54, 200 &#8211; 500 V&#8217;ta tam 50 kW&#8217;l\u0131k s\u00fcrekli \u015farj sa\u011flarken Terra 54HV, 200 &#8211; 920 V aras\u0131 ara\u00e7lar\u0131 desteklemektedir.<\/p>\n<p>ABB 20kW DC \u015farj istasyonu d\u00fc\u015f\u00fck maliyetli \u00e7ok standartl\u0131 bir \u00e7\u00f6z\u00fcmd\u00fcr ve a\u011f\u0131r bir \u015febeke ba\u011flant\u0131s\u0131 gerektirmez. Bu nedenle Terra \u015farj cihaz\u0131n\u0131n bir\u00e7ok konumda kurulumu kolayd\u0131r ve mevcut herhangi bir AC yava\u015f \u015farj \u015febekesinin yan\u0131na kolayca kurulabilir. Elektrikli bir arac\u0131 30-120 dakika i\u00e7inde \u015farj eder.<\/p>\n<p><strong><br \/>\nBa\u015fl\u0131ca faydalar\u0131<\/strong><\/p>\n<p>Terra 54, t\u00fcm EA \u015farj standartlar\u0131n\u0131 destekledi\u011fi i\u00e7in piyasadaki t\u00fcm elektrikli ara\u00e7lara (\u015farj edilebilir hibritler de dahil) hizmet verebilen bir EA h\u0131zl\u0131 \u015farj cihaz\u0131d\u0131r:<\/p>\n<ul>\n<li>Combined Charging System (CCS 1.0 and CCS 2.0)<\/li>\n<li>CHAdeMO (ayr\u0131ca Tesla Model S, X ve Roadster&#8217;\u0131 adapt\u00f6rle \u015farj etme)<\/li>\n<li>Type 2 AC \u015farj (43 kW\u2019a kadar!)<\/li>\n<\/ul>\n<p>Terra 54HV (Y\u00fcksek Gerilim), spor arabalar (Porsche Taycan gibi), elektrikli otob\u00fcsler ve di\u011fer a\u011f\u0131r ta\u015f\u0131tlar gibi y\u00fcksek gerilim bataryalar\u0131 ile donat\u0131lm\u0131\u015f ara\u00e7lar\u0131 da \u015farj etmek i\u00e7in tasarlanm\u0131\u015ft\u0131r.<\/p>\n<p>\u015earj cihaz\u0131, t\u00fcm kullan\u0131c\u0131lara kusursuz ve g\u00fcvenli \u00e7al\u0131\u015fma sa\u011flayacak \u015fekilde tasarlanm\u0131\u015ft\u0131r. Bu, benzin istasyonlar\u0131, perakende ma\u011fazalar ve ofisler dahil (IEC 61000 EMC S\u0131n\u0131f B&#8217;ye uygunluk nedeniyle) yerle\u015fim b\u00f6lgelerine kurulumu m\u00fcmk\u00fcn k\u0131lar.<\/p>\n<p>\u015earj cihaz\u0131, ABB Ability&amp;trade; bulutuna ba\u011flanarak dijital u\u00e7tan uca \u00e7\u00f6z\u00fcm\u00fcn avantajlar\u0131ndan yararlan\u0131r:<\/p>\n<ul>\n<li>Piyasaya sunulan t\u00fcm yeni elektrikli ara\u00e7larla uyumlulu\u011fu sa\u011flayan s\u0131k yaz\u0131l\u0131m g\u00fcncellemeleri sayesinde tamamen gelece\u011fe haz\u0131r<\/li>\n<li>7\/24 uzaktan destek, te\u015fhis ve sorun giderme sayesinde piyasadaki en y\u00fcksek g\u00fcvenilirlik ve kesintisiz \u00e7al\u0131\u015fma s\u00fcresi<\/li>\n<\/ul>\n<p><strong>Ba\u015fl\u0131ca \u00f6zellikleri<\/strong><\/p>\n<ul>\n<li>Bataryalar\u0131n 200-500 V (Terra 54) veya 200-920 V (Terra 54HV) aras\u0131nda \u015farj\u0131<\/li>\n<li>End\u00fcstriyel ve yerle\u015fim alanlar\u0131 i\u00e7in IEC 61000 EMC S\u0131n\u0131f B sertifikal\u0131 (benzin istasyonlar\u0131, perakende sat\u0131\u015f ma\u011fazalar\u0131, ofisler vb.)<\/li>\n<li>Daha kolay kullan\u0131m ve daha stabil tutu\u015f i\u00e7in yeni sofistike konekt\u00f6r yuvalar\u0131<\/li>\n<\/ul>\n<h4 class=\"tile-headline\"><em>Terra AC Duvar Tipi \u015earj<\/em><\/h4>\n<p><img loading=\"lazy\" decoding=\"async\" class=\"alignnone size-medium wp-image-672\" src=\"https:\/\/ekaymuhendislik.com\/wp-content\/uploads\/2022\/01\/untitled880660eec1f463c09537ff0000433538042560eec1f463c09537ff0000433538-139x300.jpg\" alt=\"\" width=\"139\" height=\"300\" srcset=\"https:\/\/ekaymuhendislik.com\/wp-content\/uploads\/2022\/01\/untitled880660eec1f463c09537ff0000433538042560eec1f463c09537ff0000433538-139x300.jpg 139w, https:\/\/ekaymuhendislik.com\/wp-content\/uploads\/2022\/01\/untitled880660eec1f463c09537ff0000433538042560eec1f463c09537ff0000433538.jpg 278w\" sizes=\"auto, (max-width: 139px) 100vw, 139px\" \/><\/p>\n<p>&nbsp;<\/p>\n<p>Terra AC duvar tipi \u015farj \u00fcnitesi piyasadaki en iyi ev tipi \u015farj \u00fcnitesidir. D\u00fc\u015f\u00fck maliyetli bir \u00e7\u00f6z\u00fcmde d\u00fcnya liderinden beklenen ola\u011fan\u00fcst\u00fc kaliteyi sunar.<\/p>\n<p>Ba\u011flant\u0131 ve ak\u0131ll\u0131 i\u015flevsellik ile Terra AC duvar tipi \u015farj \u00fcnitesi, bug\u00fcn ve gelecekte ki ara\u00e7lara en uygun \u015farj\u0131 sunacak \u015fekilde tasarlanm\u0131\u015ft\u0131r. G\u00fcnl\u00fck ya\u015fama sorunsuz bir \u015fekilde entegre olan kullan\u0131\u015fl\u0131 ev \u015farj\u0131.<\/p>\n<p>G\u00fcvenlik, hem ABB&#8217;nin hem de Terra AC duvar tipi \u015farj \u00fcnitesinin temel prensibidir. ABB\u2019nin t\u00fcm EA \u015farj \u00fcr\u00fcn\u00fc portf\u00f6y\u00fcnde oldu\u011fu gibi duvar tipi \u015farj \u00fcnitesi, ba\u011f\u0131ms\u0131z \u00fc\u00e7\u00fcnc\u00fc taraf g\u00fcvenlik sertifikas\u0131 kurulu\u015flar\u0131 taraf\u0131ndan en y\u00fcksek g\u00fcvenlik standartlar\u0131na g\u00f6re de\u011ferlendirilmi\u015f ve test edilmi\u015ftir.<\/p>\n<p>&nbsp;<\/p>\n<div class=\"sfContentBlock\">\n<p class=\"header3\"><strong>Gelece\u011fe d\u00f6n\u00fck esneklik<br \/>\n<\/strong><\/p>\n<ul>\n<li>Dahili enerji \u00f6l\u00e7er<\/li>\n<li>Dinamik y\u00fck y\u00f6netimi i\u00e7in harici enerji \u00f6l\u00e7er entegrasyonu kurulumu<\/li>\n<li>Geli\u015fmi\u015f ak\u0131ll\u0131 bina enerji sistemiyle entegrasyona haz\u0131r<\/li>\n<\/ul>\n<\/div>\n<div class=\"sfContentBlock\">\n<p class=\"header3\"><strong>Dahili emniyet<\/strong><\/p>\n<ul>\n<li>A\u015f\u0131r\u0131 ak\u0131m<\/li>\n<li>Y\u00fcksek gerilim ve d\u00fc\u015f\u00fck gerilim<\/li>\n<li>Toprak hatas\u0131<\/li>\n<li>A\u015f\u0131r\u0131 gerilime kar\u015f\u0131 koruma<\/li>\n<li>PE (koruyucu toprak) s\u00fcreklilik izleme<\/li>\n<\/ul>\n<\/div>\n<div class=\"sfContentBlock\">\n<p class=\"header3\"><strong>Konekt\u00f6r<\/strong><\/p>\n<ul>\n<li>Tip 1 ve tip 2 kablo<\/li>\n<li>Kapakl\u0131 veya kapaks\u0131z tip 2 priz<\/li>\n<li>Ekstra kablo tutucuya gerek yok, kablo \u015farj cihaz\u0131n\u0131n etraf\u0131na sar\u0131labilir<\/li>\n<\/ul>\n<div class=\"sfContentBlock\">\n<p class=\"header3\"><strong>Tasar\u0131m<\/strong><\/p>\n<ul>\n<li style=\"list-style-type: none;\">\n<ul>\n<li>IEC \u00e7e\u015fitleri:<br \/>\n\u2013 7,4 kW \/ 32 A\u2019e kadar tek faz<br \/>\n\u2013 22 kW \/ 32 A\u2019e kadar \u00fc\u00e7 faz<\/li>\n<li>19 kW \/ 80 A\u2019e kadar UL \u00e7e\u015fitleri<\/li>\n<li>NEMA 4 ve 4X muhafaza<\/li>\n<li>T\u00fcm \u00e7e\u015fitler:<\/li>\n<\/ul>\n<\/li>\n<\/ul>\n<p>IP54, IK10<\/p>\n<\/div>\n<div class=\"sfContentBlock\">\n<p class=\"header3\"><strong>Ba\u011flanabilirlik<\/strong><\/p>\n<ul>\n<li>Ethernet RJ45<\/li>\n<li>Bluetooth<\/li>\n<li>Wifi<\/li>\n<li>4G ba\u011flant\u0131<\/li>\n<li>Enerji \u00f6l\u00e7ere ba\u011flant\u0131 i\u00e7in RS485\/P1<\/li>\n<li>OCPP1.6<\/li>\n<li>Uygulama veya RFID \u00fczerinden do\u011frulama<\/li>\n<li>Uygulama veya ABB web portal\u0131 \u00fczerinden yap\u0131land\u0131rma<\/li>\n<\/ul>\n<p>&nbsp;<\/p>\n<p><img loading=\"lazy\" decoding=\"async\" class=\"alignnone size-medium wp-image-680\" src=\"https:\/\/ekaymuhendislik.com\/wp-content\/uploads\/2022\/01\/kullanim-tr-300x124.jpg\" alt=\"\" width=\"300\" height=\"124\" srcset=\"https:\/\/ekaymuhendislik.com\/wp-content\/uploads\/2022\/01\/kullanim-tr-300x124.jpg 300w, https:\/\/ekaymuhendislik.com\/wp-content\/uploads\/2022\/01\/kullanim-tr-1024x423.jpg 1024w, https:\/\/ekaymuhendislik.com\/wp-content\/uploads\/2022\/01\/kullanim-tr-768x317.jpg 768w, https:\/\/ekaymuhendislik.com\/wp-content\/uploads\/2022\/01\/kullanim-tr.jpg 1371w\" sizes=\"auto, (max-width: 300px) 100vw, 300px\" \/><\/p>\n<\/div>\n<\/div>\n<p><\/div><\/div>[\/vc_column][vc_column width=&#8221;1\/3&#8243; css=&#8221;.vc_custom_1584360200330{padding-right: 40px !important;padding-bottom: 20px !important;padding-left: 40px !important;background-color: #009aa5 !important;}&#8221;]<div id=\"ultimate-heading-943669e00b939688f\" class=\"uvc-heading ult-adjust-bottom-margin ultimate-heading-943669e00b939688f uvc-5399 \" data-hspacer=\"no_spacer\"  data-halign=\"center\" style=\"text-align:center\"><div class=\"uvc-heading-spacer no_spacer\" style=\"top\"><\/div><div class=\"uvc-main-heading ult-responsive\"  data-ultimate-target='.uvc-heading.ultimate-heading-943669e00b939688f h2'  data-responsive-json-new='{\"font-size\":\"desktop:22px;\",\"line-height\":\"desktop:32px;\"}' ><h2 style=\"--font-weight:theme;color:#ffffff;\">CONTACT FORM<\/h2><\/div><div class=\"uvc-sub-heading ult-responsive\"  data-ultimate-target='.uvc-heading.ultimate-heading-943669e00b939688f .uvc-sub-heading '  data-responsive-json-new='{\"font-size\":\"desktop:14px;\",\"line-height\":\"desktop:22px;\"}'  style=\"font-family:&#039;Lato&#039;;font-weight:300;color:#ffffff;\">Write to us immediately, you will be returned as soon as possible.<\/div><\/div>[vc_empty_space height=&#8221;40px&#8221;]\n<div class=\"wpcf7 no-js\" id=\"wpcf7-f9-o1\" lang=\"tr-TR\" dir=\"ltr\" data-wpcf7-id=\"9\">\n<div class=\"screen-reader-response\"><p role=\"status\" aria-live=\"polite\" aria-atomic=\"true\"><\/p> <ul><\/ul><\/div>\n<form action=\"\/en\/wp-json\/wp\/v2\/pages\/483#wpcf7-f9-o1\" method=\"post\" class=\"wpcf7-form init\" aria-label=\"\u0130leti\u015fim Formu\" novalidate=\"novalidate\" data-status=\"init\">\n<fieldset class=\"hidden-fields-container\"><input type=\"hidden\" name=\"_wpcf7\" value=\"9\" \/><input type=\"hidden\" name=\"_wpcf7_version\" value=\"6.1.4\" \/><input type=\"hidden\" name=\"_wpcf7_locale\" value=\"tr_TR\" \/><input type=\"hidden\" name=\"_wpcf7_unit_tag\" value=\"wpcf7-f9-o1\" \/><input type=\"hidden\" name=\"_wpcf7_container_post\" value=\"0\" \/><input type=\"hidden\" name=\"_wpcf7_posted_data_hash\" value=\"\" \/>\n<\/fieldset>\n<div class=\"wpcf7-turnstile cf-turnstile\" data-sitekey=\"0x4AAAAAABiktdem-AertXY_\" data-response-field-name=\"_wpcf7_turnstile_response\"><\/div>\n\n<div class=\"form-text\">\n\t<p><label> Ad\u0131n\u0131z *<br \/>\n<span class=\"wpcf7-form-control-wrap\" data-name=\"your-name\"><input size=\"40\" maxlength=\"400\" class=\"wpcf7-form-control wpcf7-text wpcf7-validates-as-required\" aria-required=\"true\" aria-invalid=\"false\" value=\"\" type=\"text\" name=\"your-name\" \/><\/span> <\/label>\n\t<\/p>\n<\/div>\n<div class=\"form-text\">\n\t<p><label> E-posta ve Telefon *<br \/>\n<span class=\"wpcf7-form-control-wrap\" data-name=\"your-email\"><input size=\"40\" maxlength=\"400\" class=\"wpcf7-form-control wpcf7-email wpcf7-validates-as-required wpcf7-text wpcf7-validates-as-email\" aria-required=\"true\" aria-invalid=\"false\" value=\"\" type=\"email\" name=\"your-email\" \/><\/span> <\/label>\n\t<\/p>\n<\/div>\n<div class=\"form-text\">\n\t<p><label> Konu<br \/>\n<span class=\"wpcf7-form-control-wrap\" data-name=\"your-subject\"><input size=\"40\" maxlength=\"400\" class=\"wpcf7-form-control wpcf7-text\" aria-invalid=\"false\" value=\"\" type=\"text\" name=\"your-subject\" \/><\/span> <\/label>\n\t<\/p>\n<\/div>\n<div class=\"form-text\">\n\t<p><label> Mesaj\u0131n\u0131z<br \/>\n<span class=\"wpcf7-form-control-wrap\" data-name=\"your-message\"><textarea cols=\"40\" rows=\"3\" maxlength=\"2000\" class=\"wpcf7-form-control wpcf7-textarea\" aria-invalid=\"false\" name=\"your-message\"><\/textarea><\/span> <\/label>\n\t<\/p>\n<\/div>\n<p><input class=\"wpcf7-form-control wpcf7-submit has-spinner\" type=\"submit\" value=\"G\u00f6nder\" \/>\n<\/p><div class=\"wpcf7-response-output\" aria-hidden=\"true\"><\/div>\n<\/form>\n<\/div>\n[\/vc_column][\/vc_row][vc_row full_width=&#8221;stretch_row&#8221; css=&#8221;.vc_custom_1584357573482{padding-top: 60px !important;}&#8221;][vc_column]<div id=\"ultimate-heading-645969e00b9398c66\" class=\"uvc-heading ult-adjust-bottom-margin ultimate-heading-645969e00b9398c66 uvc-1351 baslik\" data-hspacer=\"no_spacer\"  data-halign=\"center\" style=\"text-align:center\"><div class=\"uvc-heading-spacer no_spacer\" style=\"top\"><\/div><div class=\"uvc-sub-heading ult-responsive\"  data-ultimate-target='.uvc-heading.ultimate-heading-645969e00b9398c66 .uvc-sub-heading '  data-responsive-json-new='{\"font-size\":\"desktop:38px;tablet_portrait:28px;mobile_landscape:28px;mobile:28px;\",\"line-height\":\"desktop:38px;tablet_portrait:28px;mobile_landscape:28px;mobile:28px;\"}'  style=\"font-family:&#039;Poppins&#039;;font-weight:700;color:#000000;\">Other Brands<\/div><\/div><div id=\"ult-carousel-174167795769e00b9398dc6\" class=\"ult-carousel-wrapper  vc_custom_1675076732127  ult_horizontal\" data-gutter=\"15\" data-rtl=\"false\" ><div class=\"ult-carousel-181561547369e00b9398cc2 \" ><div class=\"ult-item-wrap\" data-animation=\"animated no-animation\"><div class=\"ult-content-box-container \" >\t<a class=\"ult-content-box-anchor\" href=\"http:\/\/ekaymuhendislik.com\/markalar\/astor-trafo\/\" title=\"Astor Trafo\" >\t\t<div class=\"ult-content-box\" style=\"background-color:#ffffff;box-shadow: px px px px none;border-style:solid;border-width:1px;border-color:#ededed;padding:40px;margin:5px;-webkit-transition: all 700ms ease;-moz-transition: all 700ms ease;-ms-transition: all 700ms ease;-o-transition: all 700ms ease;transition: all 700ms ease;\"  data-hover_bg_color=\"#ffffff\"  data-hover_box_shadow=\" 0px 0px 10px 0px rgba(0,0,0,0.1) \"    data-normal_margins=\"margin:5px;\"   data-bg=\"#ffffff\"  data-border_color=\"#ededed\" >[vc_single_image image=&#8221;360&#8243; img_size=&#8221;full&#8221; alignment=&#8221;center&#8221;]\t\t<\/div>\t<\/a><\/div><\/div><div class=\"ult-item-wrap\" data-animation=\"animated no-animation\"><div class=\"ult-content-box-container \" >\t<a class=\"ult-content-box-anchor\" href=\"http:\/\/ekaymuhendislik.com\/markalar\/oznur-kablo\/\" title=\"\u00d6znur Kablo\" >\t\t<div class=\"ult-content-box\" style=\"background-color:#ffffff;box-shadow: px px px px none;border-style:solid;border-width:1px;border-color:#ededed;padding:40px;margin:5px;-webkit-transition: all 700ms ease;-moz-transition: all 700ms ease;-ms-transition: all 700ms ease;-o-transition: all 700ms ease;transition: all 700ms ease;\"  data-hover_bg_color=\"#ffffff\"  data-hover_box_shadow=\" 0px 0px 10px 0px rgba(0,0,0,0.1) \"    data-normal_margins=\"margin:5px;\"   data-bg=\"#ffffff\"  data-border_color=\"#ededed\" >[vc_single_image image=&#8221;368&#8243; img_size=&#8221;full&#8221; alignment=&#8221;center&#8221;]\t\t<\/div>\t<\/a><\/div><\/div><div class=\"ult-item-wrap\" data-animation=\"animated no-animation\"><div class=\"ult-content-box-container \" >\t<a class=\"ult-content-box-anchor\" >\t\t<div class=\"ult-content-box\" style=\"background-color:#ffffff;box-shadow: px px px px none;border-style:solid;border-width:1px;border-color:#ededed;padding:40px;margin:5px;-webkit-transition: all 700ms ease;-moz-transition: all 700ms ease;-ms-transition: all 700ms ease;-o-transition: all 700ms ease;transition: all 700ms ease;\"  data-hover_bg_color=\"#ffffff\"  data-hover_box_shadow=\" 0px 0px 10px 0px rgba(0,0,0,0.1) \"    data-normal_margins=\"margin:5px;\"   data-bg=\"#ffffff\"  data-border_color=\"#ededed\" >[vc_single_image image=&#8221;892&#8243; img_size=&#8221;full&#8221; alignment=&#8221;center&#8221;]\t\t<\/div>\t<\/a><\/div><\/div><div class=\"ult-item-wrap\" data-animation=\"animated no-animation\"><div class=\"ult-content-box-container \" >\t<a class=\"ult-content-box-anchor\" href=\"http:\/\/ekaymuhendislik.com\/markalar\/abb\/\" title=\"ABB\" >\t\t<div class=\"ult-content-box\" style=\"background-color:#ffffff;box-shadow: px px px px none;border-style:solid;border-width:1px;border-color:#ededed;padding:40px;margin:5px;-webkit-transition: all 700ms ease;-moz-transition: all 700ms ease;-ms-transition: all 700ms ease;-o-transition: all 700ms ease;transition: all 700ms ease;\"  data-hover_bg_color=\"#ffffff\"  data-hover_box_shadow=\" 0px 0px 10px 0px rgba(0,0,0,0.1) \"    data-normal_margins=\"margin:5px;\"   data-bg=\"#ffffff\"  data-border_color=\"#ededed\" >[vc_single_image image=&#8221;358&#8243; img_size=&#8221;full&#8221; alignment=&#8221;center&#8221;]\t\t<\/div>\t<\/a><\/div><\/div><\/div><\/div>\t\t\t<script type=\"text\/javascript\">\n\t\t\t\tjQuery(document).ready(function ($) {\n\t\t\t\t\tif( typeof jQuery('.ult-carousel-181561547369e00b9398cc2').slick == \"function\"){\n\t\t\t\t\t\t$('.ult-carousel-181561547369e00b9398cc2').slick({dots: true,autoplay: true,autoplaySpeed: 5000,speed: 300,infinite: true,arrows: true,nextArrow: '<button type=\"button\" role=\"button\" aria-label=\"Next\" style=\"color:#333333; font-size:20px;\" class=\"slick-next default\"><i class=\"ultsl-arrow-right4\"><\/i><\/button>',prevArrow: '<button type=\"button\" role=\"button\" aria-label=\"Previous\" style=\"color:#333333; font-size:20px;\" class=\"slick-prev default\"><i class=\"ultsl-arrow-left4\"><\/i><\/button>',slidesToScroll:4,slidesToShow:4,swipe: true,draggable: true,touchMove: true,pauseOnHover: true,pauseOnFocus: false,responsive: [\n\t\t\t\t\t\t\t{\n\t\t\t\t\t\t\t  breakpoint: 1026,\n\t\t\t\t\t\t\t  settings: {\n\t\t\t\t\t\t\t\tslidesToShow: 4,\n\t\t\t\t\t\t\t\tslidesToScroll: 4,  \n\t\t\t\t\t\t\t  }\n\t\t\t\t\t\t\t},\n\t\t\t\t\t\t\t{\n\t\t\t\t\t\t\t  breakpoint: 1025,\n\t\t\t\t\t\t\t  settings: {\n\t\t\t\t\t\t\t\tslidesToShow: 3,\n\t\t\t\t\t\t\t\tslidesToScroll: 3\n\t\t\t\t\t\t\t  }\n\t\t\t\t\t\t\t},\n\t\t\t\t\t\t\t{\n\t\t\t\t\t\t\t  breakpoint: 760,\n\t\t\t\t\t\t\t  settings: {\n\t\t\t\t\t\t\t\tslidesToShow: 1,\n\t\t\t\t\t\t\t\tslidesToScroll: 1\n\t\t\t\t\t\t\t  }\n\t\t\t\t\t\t\t}\n\t\t\t\t\t\t],pauseOnDotsHover: true,customPaging: function(slider, i) {\n                   return '<i type=\"button\" style= \"color:#333333;\" class=\"ultsl-record\" data-role=\"none\"><\/i>';\n                },});\n\t\t\t\t\t}\n\t\t\t\t});\n\t\t\t<\/script>\n\t\t\t[\/vc_column][\/vc_row]<\/p>\n","protected":false},"excerpt":{"rendered":"<p>[vc_row gap=&#8221;30&#8243;][vc_column width=&#8221;2\/3&#8243;][vc_single_image image=&#8221;355&#8243; img_size=&#8221;full&#8221;][\/vc_column][vc_column width=&#8221;1\/3&#8243; css=&#8221;.vc_custom_1584360200330{padding-right: 40px !important;padding-bottom: 20px !important;padding-left: 40px !important;background-color: #009aa5 !important;}&#8221;][vc_empty_space height=&#8221;40px&#8221;][\/vc_column][\/vc_row][vc_row full_width=&#8221;stretch_row&#8221; css=&#8221;.vc_custom_1584357573482{padding-top: 60px !important;}&#8221;][vc_column][\/vc_column][\/vc_row]<\/p>\n","protected":false},"author":1,"featured_media":0,"parent":452,"menu_order":4,"comment_status":"closed","ping_status":"closed","template":"","meta":[],"class_list":["post-483","page","type-page","status-publish","hentry","description-off"],"aioseo_notices":[],"_links":{"self":[{"href":"https:\/\/ekaymuhendislik.com\/en\/wp-json\/wp\/v2\/pages\/483","targetHints":{"allow":["GET"]}}],"collection":[{"href":"https:\/\/ekaymuhendislik.com\/en\/wp-json\/wp\/v2\/pages"}],"about":[{"href":"https:\/\/ekaymuhendislik.com\/en\/wp-json\/wp\/v2\/types\/page"}],"author":[{"embeddable":true,"href":"https:\/\/ekaymuhendislik.com\/en\/wp-json\/wp\/v2\/users\/1"}],"replies":[{"embeddable":true,"href":"https:\/\/ekaymuhendislik.com\/en\/wp-json\/wp\/v2\/comments?post=483"}],"version-history":[{"count":0,"href":"https:\/\/ekaymuhendislik.com\/en\/wp-json\/wp\/v2\/pages\/483\/revisions"}],"up":[{"embeddable":true,"href":"https:\/\/ekaymuhendislik.com\/en\/wp-json\/wp\/v2\/pages\/452"}],"wp:attachment":[{"href":"https:\/\/ekaymuhendislik.com\/en\/wp-json\/wp\/v2\/media?parent=483"}],"curies":[{"name":"wp","href":"https:\/\/api.w.org\/{rel}","templated":true}]}}